{"id":2806,"date":"2020-05-12T09:54:07","date_gmt":"2020-05-12T07:54:07","guid":{"rendered":"https:\/\/www.aluminisalella.com\/carpinteria-pvc-puertas-ventanas-copy\/"},"modified":"2021-09-29T13:25:44","modified_gmt":"2021-09-29T11:25:44","slug":"automatismos-domotica","status":"publish","type":"page","link":"https:\/\/www.aluminisalella.com\/es\/automatismos-domotica\/","title":{"rendered":"Automatismos y dom\u00f3tica"},"content":{"rendered":"","protected":false},"excerpt":{"rendered":"","protected":false},"author":3,"featured_media":0,"parent":0,"menu_order":0,"comment_status":"closed","ping_status":"closed","template":"","meta":{"_joinchat":[],"footnotes":""},"class_list":["post-2806","page","type-page","status-publish","hentry"],"yoast_head":"<!-- This site is optimized with the Yoast SEO plugin v26.8 - https:\/\/yoast.com\/product\/yoast-seo-wordpress\/ -->\n<title>Motores, Automatismos, Dom\u00f3tica y Casas Conectadas | Alella Maresme<\/title>\n<meta name=\"description\" content=\"Instalaci\u00f3n y montaje de sistemas autom\u00e1ticos y Dom\u00f3tica en Puertas y Ventanas \u2705 ALUMINIS T\u00c8CNICS ALELLA \u2705 Maresme y provincia de Barcelona\" \/>\n<meta name=\"robots\" content=\"index, follow, max-snippet:-1, max-image-preview:large, max-video-preview:-1\" \/>\n<link rel=\"canonical\" href=\"https:\/\/www.aluminisalella.com\/es\/automatismos-domotica\/\" \/>\n<meta property=\"og:locale\" content=\"es_ES\" \/>\n<meta property=\"og:type\" content=\"article\" \/>\n<meta property=\"og:title\" content=\"Motores, Automatismos, Dom\u00f3tica y Casas Conectadas | Alella Maresme\" \/>\n<meta property=\"og:description\" content=\"Instalaci\u00f3n y montaje de sistemas autom\u00e1ticos y Dom\u00f3tica en Puertas y Ventanas \u2705 ALUMINIS T\u00c8CNICS ALELLA \u2705 Maresme y provincia de Barcelona\" \/>\n<meta property=\"og:url\" content=\"https:\/\/www.aluminisalella.com\/es\/automatismos-domotica\/\" \/>\n<meta property=\"og:site_name\" content=\"Aluminis Alella\" \/>\n<meta property=\"article:publisher\" content=\"https:\/\/es-es.facebook.com\/aluministecnicsalella\/\" \/>\n<meta property=\"article:modified_time\" content=\"2021-09-29T11:25:44+00:00\" \/>\n<meta name=\"twitter:card\" content=\"summary_large_image\" \/>\n<script type=\"application\/ld+json\" class=\"yoast-schema-graph\">{\"@context\":\"https:\/\/schema.org\",\"@graph\":[{\"@type\":\"WebPage\",\"@id\":\"https:\/\/www.aluminisalella.com\/es\/automatismos-domotica\/\",\"url\":\"https:\/\/www.aluminisalella.com\/es\/automatismos-domotica\/\",\"name\":\"Motores, Automatismos, Dom\u00f3tica y Casas Conectadas | Alella Maresme\",\"isPartOf\":{\"@id\":\"https:\/\/www.aluminisalella.com\/es\/#website\"},\"datePublished\":\"2020-05-12T07:54:07+00:00\",\"dateModified\":\"2021-09-29T11:25:44+00:00\",\"description\":\"Instalaci\u00f3n y montaje de sistemas autom\u00e1ticos y Dom\u00f3tica en Puertas y Ventanas \u2705 ALUMINIS T\u00c8CNICS ALELLA \u2705 Maresme y provincia de Barcelona\",\"breadcrumb\":{\"@id\":\"https:\/\/www.aluminisalella.com\/es\/automatismos-domotica\/#breadcrumb\"},\"inLanguage\":\"es\",\"potentialAction\":[{\"@type\":\"ReadAction\",\"target\":[\"https:\/\/www.aluminisalella.com\/es\/automatismos-domotica\/\"]}]},{\"@type\":\"BreadcrumbList\",\"@id\":\"https:\/\/www.aluminisalella.com\/es\/automatismos-domotica\/#breadcrumb\",\"itemListElement\":[{\"@type\":\"ListItem\",\"position\":1,\"name\":\"Portada\",\"item\":\"https:\/\/www.aluminisalella.com\/es\/\"},{\"@type\":\"ListItem\",\"position\":2,\"name\":\"Automatismos y dom\u00f3tica\"}]},{\"@type\":\"WebSite\",\"@id\":\"https:\/\/www.aluminisalella.com\/es\/#website\",\"url\":\"https:\/\/www.aluminisalella.com\/es\/\",\"name\":\"Aluminis Alella\",\"description\":\"\",\"publisher\":{\"@id\":\"https:\/\/www.aluminisalella.com\/es\/#organization\"},\"potentialAction\":[{\"@type\":\"SearchAction\",\"target\":{\"@type\":\"EntryPoint\",\"urlTemplate\":\"https:\/\/www.aluminisalella.com\/es\/?s={search_term_string}\"},\"query-input\":{\"@type\":\"PropertyValueSpecification\",\"valueRequired\":true,\"valueName\":\"search_term_string\"}}],\"inLanguage\":\"es\"},{\"@type\":\"Organization\",\"@id\":\"https:\/\/www.aluminisalella.com\/es\/#organization\",\"name\":\"Aluminis T\u00e8cnics Alella\",\"url\":\"https:\/\/www.aluminisalella.com\/es\/\",\"logo\":{\"@type\":\"ImageObject\",\"inLanguage\":\"es\",\"@id\":\"https:\/\/www.aluminisalella.com\/es\/#\/schema\/logo\/image\/\",\"url\":\"https:\/\/www.aluminisalella.com\/wp-content\/uploads\/2021\/09\/logo_aluminis_alella-mobil.png\",\"contentUrl\":\"https:\/\/www.aluminisalella.com\/wp-content\/uploads\/2021\/09\/logo_aluminis_alella-mobil.png\",\"width\":324,\"height\":93,\"caption\":\"Aluminis T\u00e8cnics Alella\"},\"image\":{\"@id\":\"https:\/\/www.aluminisalella.com\/es\/#\/schema\/logo\/image\/\"},\"sameAs\":[\"https:\/\/es-es.facebook.com\/aluministecnicsalella\/\"]}]}<\/script>\n<!-- \/ Yoast SEO plugin. -->","yoast_head_json":{"title":"Motores, Automatismos, Dom\u00f3tica y Casas Conectadas | Alella Maresme","description":"Instalaci\u00f3n y montaje de sistemas autom\u00e1ticos y Dom\u00f3tica en Puertas y Ventanas \u2705 ALUMINIS T\u00c8CNICS ALELLA \u2705 Maresme y provincia de Barcelona","robots":{"index":"index","follow":"follow","max-snippet":"max-snippet:-1","max-image-preview":"max-image-preview:large","max-video-preview":"max-video-preview:-1"},"canonical":"https:\/\/www.aluminisalella.com\/es\/automatismos-domotica\/","og_locale":"es_ES","og_type":"article","og_title":"Motores, Automatismos, Dom\u00f3tica y Casas Conectadas | Alella Maresme","og_description":"Instalaci\u00f3n y montaje de sistemas autom\u00e1ticos y Dom\u00f3tica en Puertas y Ventanas \u2705 ALUMINIS T\u00c8CNICS ALELLA \u2705 Maresme y provincia de Barcelona","og_url":"https:\/\/www.aluminisalella.com\/es\/automatismos-domotica\/","og_site_name":"Aluminis Alella","article_publisher":"https:\/\/es-es.facebook.com\/aluministecnicsalella\/","article_modified_time":"2021-09-29T11:25:44+00:00","twitter_card":"summary_large_image","schema":{"@context":"https:\/\/schema.org","@graph":[{"@type":"WebPage","@id":"https:\/\/www.aluminisalella.com\/es\/automatismos-domotica\/","url":"https:\/\/www.aluminisalella.com\/es\/automatismos-domotica\/","name":"Motores, Automatismos, Dom\u00f3tica y Casas Conectadas | Alella Maresme","isPartOf":{"@id":"https:\/\/www.aluminisalella.com\/es\/#website"},"datePublished":"2020-05-12T07:54:07+00:00","dateModified":"2021-09-29T11:25:44+00:00","description":"Instalaci\u00f3n y montaje de sistemas autom\u00e1ticos y Dom\u00f3tica en Puertas y Ventanas \u2705 ALUMINIS T\u00c8CNICS ALELLA \u2705 Maresme y provincia de Barcelona","breadcrumb":{"@id":"https:\/\/www.aluminisalella.com\/es\/automatismos-domotica\/#breadcrumb"},"inLanguage":"es","potentialAction":[{"@type":"ReadAction","target":["https:\/\/www.aluminisalella.com\/es\/automatismos-domotica\/"]}]},{"@type":"BreadcrumbList","@id":"https:\/\/www.aluminisalella.com\/es\/automatismos-domotica\/#breadcrumb","itemListElement":[{"@type":"ListItem","position":1,"name":"Portada","item":"https:\/\/www.aluminisalella.com\/es\/"},{"@type":"ListItem","position":2,"name":"Automatismos y dom\u00f3tica"}]},{"@type":"WebSite","@id":"https:\/\/www.aluminisalella.com\/es\/#website","url":"https:\/\/www.aluminisalella.com\/es\/","name":"Aluminis Alella","description":"","publisher":{"@id":"https:\/\/www.aluminisalella.com\/es\/#organization"},"potentialAction":[{"@type":"SearchAction","target":{"@type":"EntryPoint","urlTemplate":"https:\/\/www.aluminisalella.com\/es\/?s={search_term_string}"},"query-input":{"@type":"PropertyValueSpecification","valueRequired":true,"valueName":"search_term_string"}}],"inLanguage":"es"},{"@type":"Organization","@id":"https:\/\/www.aluminisalella.com\/es\/#organization","name":"Aluminis T\u00e8cnics Alella","url":"https:\/\/www.aluminisalella.com\/es\/","logo":{"@type":"ImageObject","inLanguage":"es","@id":"https:\/\/www.aluminisalella.com\/es\/#\/schema\/logo\/image\/","url":"https:\/\/www.aluminisalella.com\/wp-content\/uploads\/2021\/09\/logo_aluminis_alella-mobil.png","contentUrl":"https:\/\/www.aluminisalella.com\/wp-content\/uploads\/2021\/09\/logo_aluminis_alella-mobil.png","width":324,"height":93,"caption":"Aluminis T\u00e8cnics Alella"},"image":{"@id":"https:\/\/www.aluminisalella.com\/es\/#\/schema\/logo\/image\/"},"sameAs":["https:\/\/es-es.facebook.com\/aluministecnicsalella\/"]}]}},"_links":{"self":[{"href":"https:\/\/www.aluminisalella.com\/es\/wp-json\/wp\/v2\/pages\/2806","targetHints":{"allow":["GET"]}}],"collection":[{"href":"https:\/\/www.aluminisalella.com\/es\/wp-json\/wp\/v2\/pages"}],"about":[{"href":"https:\/\/www.aluminisalella.com\/es\/wp-json\/wp\/v2\/types\/page"}],"author":[{"embeddable":true,"href":"https:\/\/www.aluminisalella.com\/es\/wp-json\/wp\/v2\/users\/3"}],"replies":[{"embeddable":true,"href":"https:\/\/www.aluminisalella.com\/es\/wp-json\/wp\/v2\/comments?post=2806"}],"version-history":[{"count":6,"href":"https:\/\/www.aluminisalella.com\/es\/wp-json\/wp\/v2\/pages\/2806\/revisions"}],"predecessor-version":[{"id":3425,"href":"https:\/\/www.aluminisalella.com\/es\/wp-json\/wp\/v2\/pages\/2806\/revisions\/3425"}],"wp:attachment":[{"href":"https:\/\/www.aluminisalella.com\/es\/wp-json\/wp\/v2\/media?parent=2806"}],"curies":[{"name":"wp","href":"https:\/\/api.w.org\/{rel}","templated":true}]}}